{"id":2700,"date":"2021-10-04T12:02:35","date_gmt":"2021-10-04T12:02:35","guid":{"rendered":"https:\/\/test1.simpledevel.com\/barcelona2\/?post_type=product&#038;p=2700"},"modified":"2023-02-27T16:07:46","modified_gmt":"2023-02-27T16:07:46","slug":"private-tour-barcelona","status":"publish","type":"product","link":"https:\/\/freewalkingtoursbarcelona.com\/es\/product\/tour-privado-barcelona\/","title":{"rendered":"Tour Privado por Barcelona"},"content":{"rendered":"<p class=\" translation-block\">Con nuestros Tours privados, te invitamos a explorar Barcelona con nosotros, en un tour privado hecho para ti.<\/p>\n<p>Los tours privados son una opci\u00f3n ideal para grupos escolares, universidades, salidas de empresa, familias y grupos de amigos.<\/p>\n<p class=\" translation-block\">Tu gu\u00eda personal te acompa\u00f1ar\u00e1 en un interesante y entretenido recorrido por la historia, la cultura y los secretos de Barcelona.<\/p>\n<p class=\" translation-block\">Visitaremos sus edificios m\u00e1s emblem\u00e1ticos, los barrios m\u00e1s de moda, los locales de ocio y restauraci\u00f3n m\u00e1s prestigiosos o incluso la Barcelona m\u00e1s subterr\u00e1nea.<\/p>\n<p>Reserva uno de nuestros itinerarios m\u00e1s populares, o crea tu propio tour personalizado y estaremos encantados de organizarlo todo. Contamos con los gu\u00edas m\u00e1s profesionales, con un amplio conocimiento de la ciudad, y siempre atentos a cualquier necesidad o petici\u00f3n del grupo.<\/p>\n<p>Contamos con los gu\u00edas m\u00e1s profesionales, con amplio conocimiento de la ciudad, y siempre atentos a cualquier necesidad o solicitud del grupo.<\/p>\n<p>&nbsp;<\/p>\n<h2 style=\"color: black;font-size: 15px\">Tours Privados por Barcelona<\/h2>\n<p>Dise\u00f1aremos una visita guiada exclusiva y privada, rellena este formulario o si lo prefieres escr\u00edbenos un email a <a href=\"mailto:CraftToursSpain@gmail.com\">CraftToursSpain@gmail.com<\/a><\/p>\n<p>+34 633 84 59 06<\/p>","protected":false},"excerpt":{"rendered":"<p>\u00bfVienes a visitar Barcelona en grupo y te gustar\u00eda tener un gu\u00eda privado que te muestre los mejores lugares y monumentos? <br><br>Nosotros lo hacemos posible para ti.<\/p>","protected":false},"featured_media":3988,"template":"","meta":{"_glsr_average":0,"_glsr_ranking":0,"_glsr_reviews":0},"product_brand":[],"product_cat":[27,44,26],"product_tag":[48,53],"class_list":{"0":"post-2700","1":"product","2":"type-product","3":"status-publish","4":"has-post-thumbnail","6":"product_cat-private","7":"product_cat-others-tours-headers","8":"product_cat-tours","9":"product_tag-english","10":"product_tag-update_tag","12":"first","13":"instock","14":"shipping-taxable","15":"product-type-simple"},"_links":{"self":[{"href":"https:\/\/freewalkingtoursbarcelona.com\/es\/wp-json\/wp\/v2\/product\/2700","targetHints":{"allow":["GET"]}}],"collection":[{"href":"https:\/\/freewalkingtoursbarcelona.com\/es\/wp-json\/wp\/v2\/product"}],"about":[{"href":"https:\/\/freewalkingtoursbarcelona.com\/es\/wp-json\/wp\/v2\/types\/product"}],"version-history":[{"count":26,"href":"https:\/\/freewalkingtoursbarcelona.com\/es\/wp-json\/wp\/v2\/product\/2700\/revisions"}],"predecessor-version":[{"id":9064,"href":"https:\/\/freewalkingtoursbarcelona.com\/es\/wp-json\/wp\/v2\/product\/2700\/revisions\/9064"}],"wp:featuredmedia":[{"embeddable":true,"href":"https:\/\/freewalkingtoursbarcelona.com\/es\/wp-json\/wp\/v2\/media\/3988"}],"wp:attachment":[{"href":"https:\/\/freewalkingtoursbarcelona.com\/es\/wp-json\/wp\/v2\/media?parent=2700"}],"wp:term":[{"taxonomy":"product_brand","embeddable":true,"href":"https:\/\/freewalkingtoursbarcelona.com\/es\/wp-json\/wp\/v2\/product_brand?post=2700"},{"taxonomy":"product_cat","embeddable":true,"href":"https:\/\/freewalkingtoursbarcelona.com\/es\/wp-json\/wp\/v2\/product_cat?post=2700"},{"taxonomy":"product_tag","embeddable":true,"href":"https:\/\/freewalkingtoursbarcelona.com\/es\/wp-json\/wp\/v2\/product_tag?post=2700"}],"curies":[{"name":"wp","href":"https:\/\/api.w.org\/{rel}","templated":true}]}}