{"id":3943,"date":"2021-10-09T10:53:04","date_gmt":"2021-10-09T10:53:04","guid":{"rendered":"https:\/\/test1.simpledevel.com\/barcelona2\/?post_type=product&#038;p=3943"},"modified":"2026-01-19T11:14:07","modified_gmt":"2026-01-19T10:14:07","slug":"best-bike-tours-barcelona","status":"publish","type":"product","link":"https:\/\/freewalkingtoursbarcelona.com\/es\/product\/tour-en-bici-barcelona\/","title":{"rendered":"Tour en bici por Barcelona"},"content":{"rendered":"<div class=\"entry-content my-3\">\n<p class=\" translation-block\">Con el privilegio de un clima suave y agradable y un terreno f\u00e1cil, es una ciudad excelente para descubrir y visitar en bicicleta. De hecho, ha sido declarada la mejor ciudad del Mediterr\u00e1neo para explorar en bicicleta.<\/p>\n<p class=\" translation-block\">Barcelona se ha destacado por ser amigable con las bicicletas con m\u00e1s de 150 km de carriles para bicicletas. El clima templado y soleado de la ciudad la convierte en un gran lugar para visitar durante todo el a\u00f1o. Los Best Bike Tours Barcelona permiten a los visitantes conocer los mejores monumentos y lugares locales mientras realizan un divertido paseo. Tambi\u00e9n tendr\u00e1 tiempo para tomar algunas de las fotos m\u00e1s memorables de su viaje.<\/p>\n<p>Descubre una ciudad vibrante, rica en diversidad y culturas, emprende una caminata en dos ruedas, mientras visitas la playa, diferentes parques o algunos de los monumentos y panoramas m\u00e1s impresionantes que ofrece nuestra ciudad.<\/p>\n<p>&nbsp;<\/p>\n<h2 style=\"color: black; font-size: 15px;\" class=\" translation-block\">El mejor tour en bici por Barcelona<\/h2>\n<p>Una forma de conectar con esta hermosa ciudad.<strong><br \/>\n<\/strong><\/p>\n<p class=\" translation-block\">Concretamente, le daremos a los pedales y recorreremos los carriles bicis de Barcelona  para conocer la playa de la Barceloneta, el puerto ol\u00edmpico, algunos de los edificios m\u00e1s emblem\u00e1ticos de la arquitectura modernista, el parque de la Ciutadella, la avenida del Paralelo, el castillo de los tres dragones, el barrio del Eixample, el Arco del Triunfo, la estatua de Crist\u00f3bal Col\u00f3n, el recinto de la Expo Universal del 88, o algunas de sus plazas m\u00e1s populares como la plaza de la Universitat o de Espa\u00f1a.<\/p>\n<\/div>\n<div class=\"entry-meta mt-5\">\n<div class=\"row\">\n<div class=\"col-md-12\">\n<p class=\"color-primary display-5\"><strong><span style=\"color: #800080;\">Descubriremos:<\/span><\/strong><\/p>\n<ul class=\"hitos\">\n<li><strong>Playa de la Barceloneta<\/strong><\/li>\n<li><strong>Modernismo<\/strong><\/li>\n<li><strong>Arquitectura<\/strong><\/li>\n<li><strong>Puerto de Barcelona<\/strong><\/li>\n<li><strong>Parque de la Ciudadella<\/strong><\/li>\n<li><strong>Avenida del Paralelo<\/strong><\/li>\n<li><strong>Castillo de los tres dragones<\/strong><\/li>\n<li><strong>Barrio del Eixample<\/strong><\/li>\n<li><strong>Arco del Triunfo<\/strong><\/li>\n<li><strong>Estatua Crist\u00f3bal Col\u00f3n<\/strong><\/li>\n<li><strong>Recinto de la Expo Universal<\/strong><\/li>\n<li><strong>Plaza De Espa\u00f1a<\/strong><\/li>\n<li><strong>Vistas panor\u00e1micas<\/strong><\/li>\n<\/ul>\n<p><span style=\"color: #ffffff;\">.<\/span><\/p>\n<\/div>\n<\/div>\n<\/div>","protected":false},"excerpt":{"rendered":"<p class=\" translation-block\">Gracias al <strong> clima extraordinario <\/strong> sin desniveles y frente al mar Mediterr\u00e1neo descubre por qu\u00e9 Barcelona es una de las mejores ciudades del mundo para viajar en bicicleta.<\/p>","protected":false},"featured_media":5663,"template":"","meta":{"_glsr_average":0,"_glsr_ranking":0,"_glsr_reviews":0},"product_brand":[],"product_cat":[44,26],"product_tag":[48,53],"class_list":{"0":"post-3943","1":"product","2":"type-product","3":"status-publish","4":"has-post-thumbnail","6":"product_cat-others-tours-headers","7":"product_cat-tours","8":"product_tag-english","9":"product_tag-update_tag","11":"first","12":"instock","13":"virtual","14":"sold-individually","15":"purchasable","16":"product-type-turitop"},"_links":{"self":[{"href":"https:\/\/freewalkingtoursbarcelona.com\/es\/wp-json\/wp\/v2\/product\/3943","targetHints":{"allow":["GET"]}}],"collection":[{"href":"https:\/\/freewalkingtoursbarcelona.com\/es\/wp-json\/wp\/v2\/product"}],"about":[{"href":"https:\/\/freewalkingtoursbarcelona.com\/es\/wp-json\/wp\/v2\/types\/product"}],"version-history":[{"count":21,"href":"https:\/\/freewalkingtoursbarcelona.com\/es\/wp-json\/wp\/v2\/product\/3943\/revisions"}],"predecessor-version":[{"id":47296,"href":"https:\/\/freewalkingtoursbarcelona.com\/es\/wp-json\/wp\/v2\/product\/3943\/revisions\/47296"}],"wp:featuredmedia":[{"embeddable":true,"href":"https:\/\/freewalkingtoursbarcelona.com\/es\/wp-json\/wp\/v2\/media\/5663"}],"wp:attachment":[{"href":"https:\/\/freewalkingtoursbarcelona.com\/es\/wp-json\/wp\/v2\/media?parent=3943"}],"wp:term":[{"taxonomy":"product_brand","embeddable":true,"href":"https:\/\/freewalkingtoursbarcelona.com\/es\/wp-json\/wp\/v2\/product_brand?post=3943"},{"taxonomy":"product_cat","embeddable":true,"href":"https:\/\/freewalkingtoursbarcelona.com\/es\/wp-json\/wp\/v2\/product_cat?post=3943"},{"taxonomy":"product_tag","embeddable":true,"href":"https:\/\/freewalkingtoursbarcelona.com\/es\/wp-json\/wp\/v2\/product_tag?post=3943"}],"curies":[{"name":"wp","href":"https:\/\/api.w.org\/{rel}","templated":true}]}}