{"id":3945,"date":"2021-10-09T10:53:17","date_gmt":"2021-10-09T10:53:17","guid":{"rendered":"https:\/\/test1.simpledevel.com\/barcelona2\/?post_type=product&#038;p=3945"},"modified":"2026-01-19T11:16:49","modified_gmt":"2026-01-19T10:16:49","slug":"espadrille-workshop-barcelona","status":"publish","type":"product","link":"https:\/\/freewalkingtoursbarcelona.com\/es\/product\/taller-artesanal-de-alpargatas\/","title":{"rendered":"Taller de Alpargatas en Barcelona"},"content":{"rendered":"<p class=\" translation-block\">Dise\u00f1a tus propias alpargatas en este taller de alpargatas \u00fanico en Barcelona. \u00a1\u00danete a nosotros en el Barrio G\u00f3tico de Barcelona para vivir una experiencia \u00fanica!<\/p>\n<p>Encontraremos en el taller artesanal un entorno muy singular y especial. Aqu\u00ed, estar\u00e1s rodeado de alpargatas terminadas y todas las partes que usamos para hacerlas.<\/p>\n<p>Antes de ponernos manos a la obra en nuestras alpargatas, te contaremos la fascinante historia de estos preciosos zapatos locales. Entraremos en detalles sobre los materiales que usamos para hacerlos.<\/p>\n<p class=\" translation-block\">Aprender\u00e1s sobre esta tradici\u00f3n milenaria, y c\u00f3mo la zapatilla de alpargatas fue hecha inicialmente por y para gente humilde. Y, por \u00faltimo, aprender\u00e1 c\u00f3mo el zapato se convierte en uno de los zapatos m\u00e1s modernos del mundo.<\/p>\n<p class=\" translation-block\">Posteriormente elegir\u00e1s el color y tama\u00f1o de la base, las cintas, los hilos y el tipo de costura. Una vez hecho esto, coser\u00e1 sus propias alpargatas tradicionales, siguiendo nuestras instrucciones. Una vez terminado, aprender\u00e1 las diferentes formas tradicionales y modernas de atarlos.<\/p>\n<p>\u00a1Al final, incluso puedes salir de la tienda con los zapatos puestos!<\/p>\n<p class=\" translation-block\">Ya sea que los hagas para ti o para un amigo, \u00fanete a nosotros en esta perfecta experiencia \u00fanica en Barcelona que pondr\u00e1 celosos a todos tus amigos en casa.<\/p>\n<p class=\" translation-block\">Handmade Barcelona ha realizado m\u00e1s de 1000 talleres.<\/p>\n<p>No te arrepentir\u00e1s de unirte al<\/p>\n<h2 style=\"color: black; font-size: 15px;\">Taller de Alpargatas de Barcelona!!<\/h2>\n<p><span style=\"color: #ffffff;\">.<\/span><\/p>","protected":false},"excerpt":{"rendered":"<p class=\" translation-block\">Disfruta de la gran experiencia de hacer alpargatas artesanales con tus propias manos.\n<br>En un antiguo taller tradicional en el centro de Barcelona.<\/p>","protected":false},"featured_media":3961,"template":"","meta":{"_glsr_average":0,"_glsr_ranking":0,"_glsr_reviews":0},"product_brand":[],"product_cat":[22,44],"product_tag":[48,53],"class_list":{"0":"post-3945","1":"product","2":"type-product","3":"status-publish","4":"has-post-thumbnail","6":"product_cat-best-sellers","7":"product_cat-others-tours-headers","8":"product_tag-english","9":"product_tag-update_tag","11":"first","12":"instock","13":"virtual","14":"sold-individually","15":"purchasable","16":"product-type-turitop"},"_links":{"self":[{"href":"https:\/\/freewalkingtoursbarcelona.com\/es\/wp-json\/wp\/v2\/product\/3945","targetHints":{"allow":["GET"]}}],"collection":[{"href":"https:\/\/freewalkingtoursbarcelona.com\/es\/wp-json\/wp\/v2\/product"}],"about":[{"href":"https:\/\/freewalkingtoursbarcelona.com\/es\/wp-json\/wp\/v2\/types\/product"}],"version-history":[{"count":24,"href":"https:\/\/freewalkingtoursbarcelona.com\/es\/wp-json\/wp\/v2\/product\/3945\/revisions"}],"predecessor-version":[{"id":47299,"href":"https:\/\/freewalkingtoursbarcelona.com\/es\/wp-json\/wp\/v2\/product\/3945\/revisions\/47299"}],"wp:featuredmedia":[{"embeddable":true,"href":"https:\/\/freewalkingtoursbarcelona.com\/es\/wp-json\/wp\/v2\/media\/3961"}],"wp:attachment":[{"href":"https:\/\/freewalkingtoursbarcelona.com\/es\/wp-json\/wp\/v2\/media?parent=3945"}],"wp:term":[{"taxonomy":"product_brand","embeddable":true,"href":"https:\/\/freewalkingtoursbarcelona.com\/es\/wp-json\/wp\/v2\/product_brand?post=3945"},{"taxonomy":"product_cat","embeddable":true,"href":"https:\/\/freewalkingtoursbarcelona.com\/es\/wp-json\/wp\/v2\/product_cat?post=3945"},{"taxonomy":"product_tag","embeddable":true,"href":"https:\/\/freewalkingtoursbarcelona.com\/es\/wp-json\/wp\/v2\/product_tag?post=3945"}],"curies":[{"name":"wp","href":"https:\/\/api.w.org\/{rel}","templated":true}]}}