{"id":3947,"date":"2021-10-09T10:53:40","date_gmt":"2021-10-09T10:53:40","guid":{"rendered":"https:\/\/test1.simpledevel.com\/barcelona2\/?post_type=product&#038;p=3947"},"modified":"2025-11-15T18:03:41","modified_gmt":"2025-11-15T17:03:41","slug":"flamenco-city-hall-barcelona","status":"publish","type":"product","link":"https:\/\/freewalkingtoursbarcelona.com\/es\/product\/espectaculo-flamenco-barcelona-2\/","title":{"rendered":"Show de Flamenco en vivo en Barcelona"},"content":{"rendered":"<p class=\" translation-block\">Construido en el siglo XIX el City Hall ha sido recientemente remodelado, pero conserva el aspecto de un gran teatro con sus l\u00e1mparas victorianas y grandes cortinas de terciopelo. En este ambiente, tiene lugar uno de los mejores espect\u00e1culos de flamenco de Barcelona, con certificado de excelencia desde 2017 hasta hoy.<\/p>\n<p>M\u00e1s de 61.000 personas disfrutaron del flamenco del Ayuntamiento durante el pasado a\u00f1o. No es de extra\u00f1ar porque durante la hora que dura el espect\u00e1culo, la compa\u00f1\u00eda interpreta algunos de los \u00e9xitos simb\u00f3licos de los artistas m\u00e1s reconocidos del cante y la danza espa\u00f1oles.<\/p>\n<p class=\" translation-block\">El reparto est\u00e1 formado por experimentados artistas como Iv\u00e1n Alcal\u00e1, Ra\u00fal Ortega, Patricia Dom\u00ednguez, La Tana, La Mari, que han actuado en los mejores tablaos y escenarios: Teatro Flamenco del Ayuntamiento de Barcelona, El Cordob\u00e9s, Tarantos y Palau de la M\u00fasica.<\/p>\n<p>Bailarines, cantantes, guitarras y percusi\u00f3n que nos transportan a las ra\u00edces m\u00e1s puras del flamenco y que podr\u00e1s disfrutar al m\u00e1ximo gracias a un magn\u00edfico sistema de sonido de alta tecnolog\u00eda y un singular espect\u00e1culo de luces.<\/p>\n<p>Todo para que lo disfrutes en familia, el espect\u00e1culo tiene un precio especial para menores de 17 a\u00f1os.<\/p>\n<p>Existe la posibilidad de acompa\u00f1ar el espect\u00e1culo con una degustaci\u00f3n gastron\u00f3mica con algunos de los platos tradicionales de nuestra gastronom\u00eda: paella, arroz de marisco, sangr\u00eda, etc. En Free Walking Tours Barcelona queremos que descubras la Barcelona m\u00e1s aut\u00e9ntica. <strong>Flamenco en Barcelona<\/strong>!!<\/p>\n<p><span style=\"color: #ffffff;\">.<\/span><\/p>","protected":false},"excerpt":{"rendered":"<p class=\" translation-block\">Experimente la pasi\u00f3n de la danza en\nEspect\u00e1culo Flamenco Barcelona\nArtistas talentosos y un ambiente \u00fanico para sentir y disfrutar de la danza espa\u00f1ola.<\/p>","protected":false},"featured_media":3958,"template":"","meta":{"_glsr_average":0,"_glsr_ranking":0,"_glsr_reviews":0},"product_brand":[],"product_cat":[22,44,54],"product_tag":[48,53],"class_list":{"0":"post-3947","1":"product","2":"type-product","3":"status-publish","4":"has-post-thumbnail","6":"product_cat-best-sellers","7":"product_cat-others-tours-headers","8":"product_cat-widget-legay","9":"product_tag-english","10":"product_tag-update_tag","12":"first","13":"instock","14":"virtual","15":"sold-individually","16":"purchasable","17":"product-type-turitop"},"_links":{"self":[{"href":"https:\/\/freewalkingtoursbarcelona.com\/es\/wp-json\/wp\/v2\/product\/3947","targetHints":{"allow":["GET"]}}],"collection":[{"href":"https:\/\/freewalkingtoursbarcelona.com\/es\/wp-json\/wp\/v2\/product"}],"about":[{"href":"https:\/\/freewalkingtoursbarcelona.com\/es\/wp-json\/wp\/v2\/types\/product"}],"version-history":[{"count":17,"href":"https:\/\/freewalkingtoursbarcelona.com\/es\/wp-json\/wp\/v2\/product\/3947\/revisions"}],"predecessor-version":[{"id":46684,"href":"https:\/\/freewalkingtoursbarcelona.com\/es\/wp-json\/wp\/v2\/product\/3947\/revisions\/46684"}],"wp:featuredmedia":[{"embeddable":true,"href":"https:\/\/freewalkingtoursbarcelona.com\/es\/wp-json\/wp\/v2\/media\/3958"}],"wp:attachment":[{"href":"https:\/\/freewalkingtoursbarcelona.com\/es\/wp-json\/wp\/v2\/media?parent=3947"}],"wp:term":[{"taxonomy":"product_brand","embeddable":true,"href":"https:\/\/freewalkingtoursbarcelona.com\/es\/wp-json\/wp\/v2\/product_brand?post=3947"},{"taxonomy":"product_cat","embeddable":true,"href":"https:\/\/freewalkingtoursbarcelona.com\/es\/wp-json\/wp\/v2\/product_cat?post=3947"},{"taxonomy":"product_tag","embeddable":true,"href":"https:\/\/freewalkingtoursbarcelona.com\/es\/wp-json\/wp\/v2\/product_tag?post=3947"}],"curies":[{"name":"wp","href":"https:\/\/api.w.org\/{rel}","templated":true}]}}