{"id":45324,"date":"2025-08-26T08:32:26","date_gmt":"2025-08-26T06:32:26","guid":{"rendered":"https:\/\/freewalkingtoursbarcelona.com\/?post_type=product&#038;p=45324"},"modified":"2025-12-15T10:04:45","modified_gmt":"2025-12-15T09:04:45","slug":"descubriendo-a-gaudi-tour","status":"publish","type":"product","link":"https:\/\/freewalkingtoursbarcelona.com\/es\/product\/descubriendo-a-gaudi-tour\/","title":{"rendered":"Tour Gratis de Gaud\u00ed"},"content":{"rendered":"<div class=\"entry-content my-3\">\n<div class=\"entry-content my-3\">\n<p class=\"translation-block\">El Tour Gratis de Gaud\u00ed es una maravillosa manera de conocer al maestro Antoni Gaud\u00ed. El arquitecto Antonio Gaud\u00ed (Reus 1852-Barcelona 1926) est\u00e1 considerado el genio del modernismo. En Barcelona dej\u00f3 numerosas joyas arquitect\u00f3nicas que atraen cada d\u00eda a miles de viajeros de todo el mundo.<\/p>\n<p>Los edificios de Gaud\u00ed destacan por su belleza, volumetr\u00eda y formas. De hecho, era un avanzado a la \u00e9poca porque no constru\u00eda sobre planos, si no con maquetas tridimensionales. Sus obras incorporan incre\u00edbles detalles con materiales hasta el momento poco utilizados como la cer\u00e1mica y siempre apostando por lo artesanal.<\/p>\n<p class=\"translation-block\">Te invitamos a acompa\u00f1arnos en una ruta \u00fanica por los mejores edificios de Gaud\u00ed, en Barcelona: la Casa Batll\u00f3, la Pedrera o su inigualable Sagrada Familia, todav\u00eda inacabada, entre otros muchos.<\/p>\n<p>Durante nuestro recorrido ir\u00e1s acompa\u00f1ado de un gu\u00eda experto en la obra de Gaud\u00ed que te descubrir\u00e1 rincones y curiosidades de cada edificio, as\u00ed como las an\u00e9cdotas de la vida de este genio de la arquitectura.\u00a0<strong>No te pierdas las joyas del modernismo barcelon\u00e9s en un inolvidable recorrido.<\/strong>\u00a0on\u00a0<strong>Tour Descubriendo Gaud\u00ed<\/strong>\u00a0\ud83d\ude42<\/p>\n<\/div>\n<div class=\"entry-meta mt-5\">\n<div class=\"row\">\n<div class=\"col-md-12\">\n<p class=\"color-primary display-5\"><span style=\"color: #800080;\"><strong>Descubriremos<\/strong><\/span><\/p>\n<ul class=\"hitos\">\n<li><strong>La vida de Gaud\u00ed<\/strong><\/li>\n<li><strong>El barrio de l\u2019Eixample<\/strong><\/li>\n<li><strong>Passeig de Gracia<\/strong><\/li>\n<li><strong>La arquitectura de Gaud\u00ed<\/strong><\/li>\n<li><strong>Casa Batll\u00f3<\/strong><\/li>\n<li><strong>Casa Mil\u00e0 (La Pedrera)<\/strong><\/li>\n<li><strong>La manzana de discordia<\/strong><\/li>\n<li><strong>La Sagrada Familia<\/strong><\/li>\n<li><strong>Y mucho m\u00e1s&#8230;<\/strong><\/li>\n<\/ul>\n<\/div>\n<\/div>\n<\/div>\n<\/div>\n<div class=\"entry-meta mt-5\">\n<div class=\"row\">\n<div class=\"col-md-12\">\n<div id=\"map-single\" data-lat=\"41.38774808131607\" data-lng=\"2.1700203644180647\">\n<div>\n<div class=\"gm-style\">\n<div><\/div>\n<div role=\"group\" aria-label=\"Map\">\n<div>\n<div>\n<div>\n<div>\n<div><span style=\"color: #ffffff;\">.<\/span><\/div>\n<\/div>\n<\/div>\n<\/div>\n<\/div>\n<\/div>\n<\/div>\n<\/div>\n<\/div>\n<\/div>\n<\/div>\n<\/div>\n<div class=\"elementor-column elementor-col-50 elementor-top-column elementor-element elementor-element-71f7096\" data-id=\"71f7096\" data-element_type=\"column\">\n<div class=\"elementor-widget-wrap elementor-element-populated\">\n<div class=\"elementor-element elementor-element-817c628 elementor-widget elementor-widget-woocommerce-product-content\" data-id=\"817c628\" data-element_type=\"widget\" data-widget_type=\"woocommerce-product-content.default\">\n<div class=\"elementor-widget-container\">\n<p><em>Extra: Necesario un ticket de metro.\u00a0\u00a0<\/em><\/p>\n<\/div>\n<\/div>\n<\/div>\n<\/div>\n<aside class=\"col-lg-4\">\n<div class=\"box-shadow sticky-top\">\n<div class=\"widget_atts\">\n<div class=\"row\"><\/div>\n<\/div>\n<\/div>\n<\/aside>","protected":false},"excerpt":{"rendered":"<p>Ven a descubrir con nosotros la vida del genio Gaud\u00ed y sus maravillas arquitect\u00f3nicas en Barcelona \ud83d\ude42<\/p>","protected":false},"featured_media":5671,"template":"","meta":{"_glsr_average":0,"_glsr_ranking":0,"_glsr_reviews":0},"product_brand":[],"product_cat":[22,44],"product_tag":[53],"class_list":{"0":"post-45324","1":"product","2":"type-product","3":"status-publish","4":"has-post-thumbnail","6":"product_cat-best-sellers","7":"product_cat-others-tours-headers","8":"product_tag-update_tag","10":"first","11":"instock","12":"virtual","13":"sold-individually","14":"purchasable","15":"product-type-turitop"},"_links":{"self":[{"href":"https:\/\/freewalkingtoursbarcelona.com\/es\/wp-json\/wp\/v2\/product\/45324","targetHints":{"allow":["GET"]}}],"collection":[{"href":"https:\/\/freewalkingtoursbarcelona.com\/es\/wp-json\/wp\/v2\/product"}],"about":[{"href":"https:\/\/freewalkingtoursbarcelona.com\/es\/wp-json\/wp\/v2\/types\/product"}],"version-history":[{"count":2,"href":"https:\/\/freewalkingtoursbarcelona.com\/es\/wp-json\/wp\/v2\/product\/45324\/revisions"}],"predecessor-version":[{"id":45326,"href":"https:\/\/freewalkingtoursbarcelona.com\/es\/wp-json\/wp\/v2\/product\/45324\/revisions\/45326"}],"wp:featuredmedia":[{"embeddable":true,"href":"https:\/\/freewalkingtoursbarcelona.com\/es\/wp-json\/wp\/v2\/media\/5671"}],"wp:attachment":[{"href":"https:\/\/freewalkingtoursbarcelona.com\/es\/wp-json\/wp\/v2\/media?parent=45324"}],"wp:term":[{"taxonomy":"product_brand","embeddable":true,"href":"https:\/\/freewalkingtoursbarcelona.com\/es\/wp-json\/wp\/v2\/product_brand?post=45324"},{"taxonomy":"product_cat","embeddable":true,"href":"https:\/\/freewalkingtoursbarcelona.com\/es\/wp-json\/wp\/v2\/product_cat?post=45324"},{"taxonomy":"product_tag","embeddable":true,"href":"https:\/\/freewalkingtoursbarcelona.com\/es\/wp-json\/wp\/v2\/product_tag?post=45324"}],"curies":[{"name":"wp","href":"https:\/\/api.w.org\/{rel}","templated":true}]}}