{"id":6068,"date":"2021-12-24T09:53:59","date_gmt":"2021-12-24T09:53:59","guid":{"rendered":"https:\/\/freewalkingtoursbarcelona.com\/?post_type=product&#038;p=6068"},"modified":"2026-02-17T08:42:48","modified_gmt":"2026-02-17T07:42:48","slug":"tour-gratis-por-barcelona","status":"publish","type":"product","link":"https:\/\/freewalkingtoursbarcelona.com\/es\/product\/tour-gratis-por-barcelona\/","title":{"rendered":"Tour Gratis de Barcelona"},"content":{"rendered":"<div class=\"entry-content my-3\">\n<div class=\"entry-content my-3\">\n<p>Barcelona posee uno de los centros hist\u00f3ricos mejor conservados de Europa. El mar, el clima, la gastronom\u00eda mediterr\u00e1nea y su estilo de vida hacen de Barcelona una ciudad \u00fanica.<\/p>\n<h4 class=\"translation-block\"><strong>\u00a1Desc\u00fabrelo con el Tour Gratis de Barcelona!<\/strong><\/h4>\n<p>Desc\u00fabrela con nosotros explorando las calles dise\u00f1adas por los romanos hace m\u00e1s de 2.000 a\u00f1os y viajando a trav\u00e9s del tiempo desde la Edad Media hasta nuestros d\u00edas. En este tour te sorprenderemos con historias, leyendas y secretos de guerreros, invasores, exploradores, reyes y reinas o la vida de pintores de la talla de Mir\u00f3, Dal\u00ed o Picasso. Adem\u00e1s, conoceremos de primera mano, algunas de las joyas arquitect\u00f3nicas de la ciudad, especialmente del modernismo, que el gran genio Gaud\u00ed puso en pr\u00e1ctica en un sinf\u00edn de edificios de Barcelona.<\/p>\n<p>Y no solo hablaremos de su historia y edificaci\u00f3n; es que Barcelona tiene hoy en d\u00eda una rica gastronom\u00eda y una activa vida nocturna, que rozan casi la categor\u00eda de arte. Te descubriremos los mejores lugares para comer, beber y escuchar la mejor m\u00fasica en directo.<\/p>\n<p>Despu\u00e9s de un ajetreado d\u00eda de turismo, es posible que desee disfrutar de la noche y la vida nocturna de Barcelona. Ya sea que est\u00e9 buscando buenos bares de tapas y un espect\u00e1culo de flamenco, o si desea encontrar un bar hipster y salir hasta el amanecer, podremos orientarlo en la direcci\u00f3n correcta.<\/p>\n<h4 class=\"translation-block\">\u00danase al <strong>Tour Gratis de Barcelona<\/strong> al comienzo de su viaje para aprovechar al m\u00e1ximo su estad\u00eda.<\/h4>\n<p>Te ayudaremos a orientarte por la ciudad y a vivir Barcelona!<\/p>\n<p>\u00bfTodav\u00eda no estoy seguro? \u00a1Vea nuestras rese\u00f1as en Trip Advisor! \u00a1Nos vemos pronto!<\/p>\n<p>&nbsp;<\/p>\n<\/div>\n<div class=\"entry-meta mt-5\">\n<div class=\"row\">\n<div class=\"col-md-12\">\n<p class=\"color-primary display-5\"><strong>Descubriremos:<\/strong><\/p>\n<ul class=\"hitos\">\n<li><strong>Las ramblas<\/strong><\/li>\n<li><strong>Leyendas de Barcelona<\/strong><\/li>\n<li><strong>Ruinas Romanas<\/strong><\/li>\n<li><strong>Santa Maria del Pi<\/strong><\/li>\n<li><strong>La guerra civil espa\u00f1ola<\/strong><\/li>\n<li><strong>Plaza de Sant Felip Neri<\/strong><\/li>\n<li><strong>Picasso<\/strong><\/li>\n<li><strong>Mir\u00f3<\/strong><\/li>\n<li><strong>El barrio g\u00f3tico<\/strong><\/li>\n<li><strong>La Catedral de Barcelona<\/strong><\/li>\n<li><strong>Plaza del Rei<\/strong><\/li>\n<li><strong>Las tradiciones navide\u00f1as<\/strong><\/li>\n<li><strong>Y otros sitios ocultos . . .<\/strong><\/li>\n<\/ul>\n<\/div>\n<\/div>\n<\/div>\n<\/div>\n<div class=\"entry-meta mt-5\">\n<div class=\"row\">\n<div class=\"col-md-12\">\n<p><span style=\"color: #ffffff;\">.<\/span><\/p>\n<p><span style=\"color: #ffffff;\">\u00a0<\/span><\/p>\n<\/div>\n<\/div>\n<p><em>Pasajeros para el\u00a0<strong>Tour Gratis de Barcelona<\/strong><\/em><\/p>\n<ul>\n<li><em>De 1 a 8 personas: Gratis, basado en propinas.<\/em>9 o m\u00e1s personas: El Tour Gratis est\u00e1 dise\u00f1ado para individuos o grupos peque\u00f1os. No podemos aceptar grupos grandes sin previo aviso. Grupos de 9 o m\u00e1s deben abonar una reserva de 7euros por persona en el punto de inicio, al menos 5 minutos antes del comienzo del tour, o reservar un tour privado aqu\u00ed.<\/li>\n<\/ul>\n<\/div>","protected":false},"excerpt":{"rendered":"<p><strong>El mejor Tour Gratis de Barcelona!<\/strong>\u00a0Free Walking Tours Barcelona promueve un turismo que fusiona entretenimiento, cultura y respeto por la ciudad\u00a0<img decoding=\"async\" class=\"emoji\" role=\"img\" src=\"https:\/\/s.w.org\/images\/core\/emoji\/13.0.0\/svg\/1f642.svg\" alt=\"\ud83d\ude42\" \/><\/p>","protected":false},"featured_media":3983,"template":"","meta":{"_glsr_average":0,"_glsr_ranking":0,"_glsr_reviews":0},"product_brand":[],"product_cat":[22,45,47],"product_tag":[53],"class_list":{"0":"post-6068","1":"product","2":"type-product","3":"status-publish","4":"has-post-thumbnail","6":"product_cat-best-sellers","7":"product_cat-free-tour","8":"product_cat-free-tour-header","9":"product_tag-update_tag","11":"first","12":"instock","13":"virtual","14":"sold-individually","15":"purchasable","16":"product-type-turitop"},"_links":{"self":[{"href":"https:\/\/freewalkingtoursbarcelona.com\/es\/wp-json\/wp\/v2\/product\/6068","targetHints":{"allow":["GET"]}}],"collection":[{"href":"https:\/\/freewalkingtoursbarcelona.com\/es\/wp-json\/wp\/v2\/product"}],"about":[{"href":"https:\/\/freewalkingtoursbarcelona.com\/es\/wp-json\/wp\/v2\/types\/product"}],"version-history":[{"count":5,"href":"https:\/\/freewalkingtoursbarcelona.com\/es\/wp-json\/wp\/v2\/product\/6068\/revisions"}],"predecessor-version":[{"id":47000,"href":"https:\/\/freewalkingtoursbarcelona.com\/es\/wp-json\/wp\/v2\/product\/6068\/revisions\/47000"}],"wp:featuredmedia":[{"embeddable":true,"href":"https:\/\/freewalkingtoursbarcelona.com\/es\/wp-json\/wp\/v2\/media\/3983"}],"wp:attachment":[{"href":"https:\/\/freewalkingtoursbarcelona.com\/es\/wp-json\/wp\/v2\/media?parent=6068"}],"wp:term":[{"taxonomy":"product_brand","embeddable":true,"href":"https:\/\/freewalkingtoursbarcelona.com\/es\/wp-json\/wp\/v2\/product_brand?post=6068"},{"taxonomy":"product_cat","embeddable":true,"href":"https:\/\/freewalkingtoursbarcelona.com\/es\/wp-json\/wp\/v2\/product_cat?post=6068"},{"taxonomy":"product_tag","embeddable":true,"href":"https:\/\/freewalkingtoursbarcelona.com\/es\/wp-json\/wp\/v2\/product_tag?post=6068"}],"curies":[{"name":"wp","href":"https:\/\/api.w.org\/{rel}","templated":true}]}}