{"id":6071,"date":"2021-12-24T10:07:39","date_gmt":"2021-12-24T10:07:39","guid":{"rendered":"https:\/\/freewalkingtoursbarcelona.com\/?post_type=product&#038;p=6071"},"modified":"2025-12-15T10:07:42","modified_gmt":"2025-12-15T09:07:42","slug":"barcelona-censurada-tour","status":"publish","type":"product","link":"https:\/\/freewalkingtoursbarcelona.com\/es\/product\/barcelona-censurada-tour\/","title":{"rendered":"Tour Gratis Alternativo del Raval"},"content":{"rendered":"<div class=\"entry-content my-3\">\n<div class=\"entry-content my-3\">Explora con nosotros el Raval,\u00a0<strong>antiguo barrio del pecado, hoy es el barrio bohemio y multicultural de Barcelona en este Tour Gratis Alternativo del Raval.<\/strong>\u00a0Ad\u00e9ntrate en la Barcelona m\u00e1s aut\u00e9ntica, la que no te suelen mostrar la mayor\u00eda de las agencias tur\u00edsticas, y descubre c\u00f3mo se vive en el que sin duda es, uno de los barrios m\u00e1s peculiares de Europa.Descubrir\u00e1s las revoluciones, rebeliones y dictadores que han dado forma a la ciudad de Barcelona, adem\u00e1s de los movimientos y proyectos sociales contempor\u00e1neos que siguen cambi\u00e1ndola hoy en d\u00eda.Entre sus calles sorprenden\u00a0<strong>extravagantes<em>\u00a0<\/em>boutiques, galer\u00edas de arte,<\/strong>\u00a0restaurantes napolitanos que ofrecen las mejores pizzas de la ciudad y una popular zona de bares con la cocteler\u00eda m\u00e1s antigua de Barcelona.\u00a0<strong>Un barrio intercultural, ruidoso<\/strong>, con una amplia agenda de actividades que no te puedes perder.\u00a0 Con antigua fama de barrio conflictivo, es bueno saber por d\u00f3nde y a qu\u00e9 hora moverte. Con nosotros, podr\u00e1s conocerlo con total tranquilidad y seguridad.Todo ello mientras disfrutamos de las animadas calles del Raval entre museos vanguardistas y las piezas m\u00e1s destacadas del arte callejero de la ciudad.\u00a0<strong>\u00a1\u00danete y descubre con nosotros la cara m\u00e1s \u201cunderground\u00bb y desconocida de Barcelona!<\/strong><\/div>\n<div class=\"entry-meta mt-5\">\n<div class=\"row\">\n<div class=\"col-md-12\">\n<p>&nbsp;<\/p>\n<p><strong><span style=\"color: #800080;\">Descubriremos<\/span><\/strong><\/p>\n<ul class=\"hitos\">\n<li><strong>Arte urbano en Barcelona<\/strong><\/li>\n<li><strong>El Raval<\/strong><\/li>\n<li><strong>Revoluciones anarquistas<\/strong><\/li>\n<li><strong>Dictaduras del Siglo XX<\/strong><\/li>\n<li><strong>Graffiti<\/strong><\/li>\n<li><strong>Barrio chino (Barrio Rojo)<\/strong><\/li>\n<li><strong>Prostituci\u00f3n en Espa\u00f1a<\/strong><\/li>\n<li><strong>Marijuana en Barcelona<\/strong><\/li>\n<\/ul>\n<\/div>\n<\/div>\n<\/div>\n<\/div>\n<div class=\"entry-meta mt-5\">\n<div class=\"row\">\n<div class=\"col-md-12\">\n<p><span style=\"color: #ffffff;\">.<\/span><\/p>\n<\/div>\n<\/div>\n<\/div>","protected":false},"excerpt":{"rendered":"<p>Sal de la Barcelona tur\u00edstica y explora el Raval, uno de los barrios m\u00e1s desconocidos y apasionantes de la ciudad.<\/p>","protected":false},"featured_media":5672,"template":"","meta":{"_glsr_average":0,"_glsr_ranking":0,"_glsr_reviews":0},"product_brand":[],"product_cat":[22,44,26],"product_tag":[53],"class_list":{"0":"post-6071","1":"product","2":"type-product","3":"status-publish","4":"has-post-thumbnail","6":"product_cat-best-sellers","7":"product_cat-others-tours-headers","8":"product_cat-tours","9":"product_tag-update_tag","11":"first","12":"instock","13":"virtual","14":"sold-individually","15":"purchasable","16":"product-type-turitop"},"_links":{"self":[{"href":"https:\/\/freewalkingtoursbarcelona.com\/es\/wp-json\/wp\/v2\/product\/6071","targetHints":{"allow":["GET"]}}],"collection":[{"href":"https:\/\/freewalkingtoursbarcelona.com\/es\/wp-json\/wp\/v2\/product"}],"about":[{"href":"https:\/\/freewalkingtoursbarcelona.com\/es\/wp-json\/wp\/v2\/types\/product"}],"version-history":[{"count":7,"href":"https:\/\/freewalkingtoursbarcelona.com\/es\/wp-json\/wp\/v2\/product\/6071\/revisions"}],"predecessor-version":[{"id":46667,"href":"https:\/\/freewalkingtoursbarcelona.com\/es\/wp-json\/wp\/v2\/product\/6071\/revisions\/46667"}],"wp:featuredmedia":[{"embeddable":true,"href":"https:\/\/freewalkingtoursbarcelona.com\/es\/wp-json\/wp\/v2\/media\/5672"}],"wp:attachment":[{"href":"https:\/\/freewalkingtoursbarcelona.com\/es\/wp-json\/wp\/v2\/media?parent=6071"}],"wp:term":[{"taxonomy":"product_brand","embeddable":true,"href":"https:\/\/freewalkingtoursbarcelona.com\/es\/wp-json\/wp\/v2\/product_brand?post=6071"},{"taxonomy":"product_cat","embeddable":true,"href":"https:\/\/freewalkingtoursbarcelona.com\/es\/wp-json\/wp\/v2\/product_cat?post=6071"},{"taxonomy":"product_tag","embeddable":true,"href":"https:\/\/freewalkingtoursbarcelona.com\/es\/wp-json\/wp\/v2\/product_tag?post=6071"}],"curies":[{"name":"wp","href":"https:\/\/api.w.org\/{rel}","templated":true}]}}